{"id":6424,"date":"2024-12-15T22:21:10","date_gmt":"2024-12-15T21:21:10","guid":{"rendered":"https:\/\/hydralyza.com\/stipaci-stroj-na-extrakci-medi-ze-statoru-elektromotoru\/"},"modified":"2025-05-26T10:23:31","modified_gmt":"2025-05-26T08:23:31","slug":"stipaci-stroj-na-extrakci-medi-ze-statoru-elektromotoru","status":"publish","type":"page","link":"https:\/\/hydralyza.com\/cs\/stipaci-stroj-na-extrakci-medi-ze-statoru-elektromotoru\/","title":{"rendered":"\u0160t\u00edpac\u00ed stroj na extrakci m\u011bdi ze stator\u016f elektromotor\u016f"},"content":{"rendered":"<p><div class=\"fusion-fullwidth fullwidth-box fusion-builder-row-1 fusion-flex-container has-pattern-background has-mask-background nonhundred-percent-fullwidth non-hundred-percent-height-scrolling\" style=\"--awb-border-radius-top-left:0px;--awb-border-radius-top-right:0px;--awb-border-radius-bottom-right:0px;--awb-border-radius-bottom-left:0px;--awb-flex-wrap:wrap;\" ><div class=\"fusion-builder-row fusion-row fusion-flex-align-items-flex-start fusion-flex-content-wrap\" style=\"max-width:1560px;margin-left: calc(-4% \/ 2 );margin-right: calc(-4% \/ 2 );\"><div class=\"fusion-layout-column fusion_builder_column fusion-builder-column-0 fusion_builder_column_1_2 1_2 fusion-flex-column\" style=\"--awb-bg-size:cover;--awb-width-large:50%;--awb-margin-top-large:0px;--awb-spacing-right-large:3.84%;--awb-margin-bottom-large:30px;--awb-spacing-left-large:3.84%;--awb-width-medium:50%;--awb-order-medium:0;--awb-spacing-right-medium:3.84%;--awb-spacing-left-medium:3.84%;--awb-width-small:100%;--awb-order-small:0;--awb-spacing-right-small:1.92%;--awb-spacing-left-small:1.92%;\"><div class=\"fusion-column-wrapper fusion-column-has-shadow fusion-flex-justify-content-flex-start fusion-content-layout-column\"><div class=\"fusion-image-carousel fusion-image-carousel-auto fusion-image-carousel-1 lightbox-enabled\"><div class=\"awb-carousel awb-swiper awb-swiper-carousel awb-carousel--carousel awb-swiper-dots-position-bottom\" data-layout=\"carousel\" data-autoplay=\"no\" data-autoplayspeed=\"2500\" data-autoplaypause=\"no\" data-columns=\"1\" data-columnsmedium=\"1\" data-columnssmall=\"1\" data-itemmargin=\"0\" data-itemwidth=\"180\" data-touchscroll=\"no\" data-freemode=\"no\" data-imagesize=\"auto\" data-scrollitems=\"0\" data-centeredslides=\"no\" data-rotationangle=\"50\" data-depth=\"100\" data-speed=\"500\" data-shadow=\"no\" data-pagination=\"bullets\" style=\"--awb-columns:1;--awb-column-spacing:0px;\"><div class=\"swiper-wrapper awb-image-carousel-wrapper fusion-flex-align-items-stretch\"><div class=\"swiper-slide\"><div class=\"fusion-carousel-item-wrapper\"><div class=\"fusion-image-wrapper hover-type-none\"><a data-rel=\"iLightbox[image_carousel_1]\" data-title=\"Sekac\u00ed stroj na vynutie medi z elektromotorov\u00fdch statorov\" aria-label=\"Sekac\u00ed stroj na vynutie medi z elektromotorov\u00fdch statorov\" href=\"https:\/\/hydralyza.com\/wp-content\/uploads\/2023\/12\/hydralyza-stroj-na-sekanie-vynutia-medzi-z-elektromotorovych-statorov-300x240.jpg\" target=\"_self\"><img decoding=\"async\" width=\"966\" height=\"772\" src=\"https:\/\/hydralyza.com\/wp-content\/uploads\/2023\/12\/hydralyza-stroj-na-sekanie-vynutia-medzi-z-elektromotorovych-statorov.jpg\" class=\"attachment-full size-full lazyload\" alt=\"Sekac\u00ed stroj na vynutie medi z elektromotorov\u00fdch statorov\" srcset=\"data:image\/svg+xml,%3Csvg%20xmlns%3D%27http%3A%2F%2Fwww.w3.org%2F2000%2Fsvg%27%20width%3D%27966%27%20height%3D%27772%27%20viewBox%3D%270%200%20966%20772%27%3E%3Crect%20width%3D%27966%27%20height%3D%27772%27%20fill-opacity%3D%220%22%2F%3E%3C%2Fsvg%3E\" data-orig-src=\"https:\/\/hydralyza.com\/wp-content\/uploads\/2023\/12\/hydralyza-stroj-na-sekanie-vynutia-medzi-z-elektromotorovych-statorov.jpg\" data-srcset=\"https:\/\/hydralyza.com\/wp-content\/uploads\/2023\/12\/hydralyza-stroj-na-sekanie-vynutia-medzi-z-elektromotorovych-statorov-200x160.jpg 200w, https:\/\/hydralyza.com\/wp-content\/uploads\/2023\/12\/hydralyza-stroj-na-sekanie-vynutia-medzi-z-elektromotorovych-statorov-300x240.jpg 300w, https:\/\/hydralyza.com\/wp-content\/uploads\/2023\/12\/hydralyza-stroj-na-sekanie-vynutia-medzi-z-elektromotorovych-statorov-400x320.jpg 400w, https:\/\/hydralyza.com\/wp-content\/uploads\/2023\/12\/hydralyza-stroj-na-sekanie-vynutia-medzi-z-elektromotorovych-statorov-500x400.jpg 500w, https:\/\/hydralyza.com\/wp-content\/uploads\/2023\/12\/hydralyza-stroj-na-sekanie-vynutia-medzi-z-elektromotorovych-statorov-600x480.jpg 600w, https:\/\/hydralyza.com\/wp-content\/uploads\/2023\/12\/hydralyza-stroj-na-sekanie-vynutia-medzi-z-elektromotorovych-statorov-700x559.jpg 700w, https:\/\/hydralyza.com\/wp-content\/uploads\/2023\/12\/hydralyza-stroj-na-sekanie-vynutia-medzi-z-elektromotorovych-statorov-768x614.jpg 768w, https:\/\/hydralyza.com\/wp-content\/uploads\/2023\/12\/hydralyza-stroj-na-sekanie-vynutia-medzi-z-elektromotorovych-statorov-800x639.jpg 800w, https:\/\/hydralyza.com\/wp-content\/uploads\/2023\/12\/hydralyza-stroj-na-sekanie-vynutia-medzi-z-elektromotorovych-statorov.jpg 966w\" data-sizes=\"auto\" \/><\/a><\/div><\/div><\/div><\/div><div class=\"awb-swiper-button awb-swiper-button-prev\"><i class=\"awb-icon-angle-left\" aria-hidden=\"true\"><\/i><\/div><div class=\"awb-swiper-button awb-swiper-button-next\"><i class=\"awb-icon-angle-right\" aria-hidden=\"true\"><\/i><\/div><\/div><\/div><\/div><\/div><div class=\"fusion-layout-column fusion_builder_column fusion-builder-column-1 fusion_builder_column_1_2 1_2 fusion-flex-column\" style=\"--awb-bg-size:cover;--awb-width-large:50%;--awb-margin-top-large:0px;--awb-spacing-right-large:3.84%;--awb-margin-bottom-large:30px;--awb-spacing-left-large:3.84%;--awb-width-medium:50%;--awb-order-medium:0;--awb-spacing-right-medium:3.84%;--awb-spacing-left-medium:3.84%;--awb-width-small:100%;--awb-order-small:0;--awb-spacing-right-small:1.92%;--awb-spacing-left-small:1.92%;\"><div class=\"fusion-column-wrapper fusion-column-has-shadow fusion-flex-justify-content-flex-start fusion-content-layout-column\"><div class=\"fusion-title title fusion-title-1 fusion-sep-none fusion-title-text fusion-title-size-two\" style=\"--awb-margin-top:0px;--awb-margin-right:0px;--awb-margin-left:0px;--awb-margin-top-small:0px;--awb-margin-right-small:0px;--awb-margin-left-small:0px;\"><h2 class=\"fusion-title-heading title-heading-left fusion-responsive-typography-calculated\" style=\"margin:0;--fontSize:38;line-height:var(--awb-typography1-line-height);\">\u0160t\u00edpac\u00ed stroj na extrakci m\u011bdi ze stator\u016f elektromotor\u016f<\/h2><\/div><div class=\"fusion-text fusion-text-1\"><p>Inovativn\u00ed m\u011bd\u011bn\u00fd vytla\u010dovac\u00ed sek\u00e1\u010dek, speci\u00e1ln\u011b navr\u017een\u00fd pro \u00fa\u010dinn\u00e9 a p\u0159esn\u00e9 vytla\u010dov\u00e1n\u00ed ve statoru elektromotoru. Tento stroj je ide\u00e1ln\u00edm \u0159e\u0161en\u00edm pro recykl\u00e1tory elektromotor\u016f, kde jsou tradi\u010dn\u00ed metody sek\u00e1n\u00ed m\u011bdi \u010dasov\u011b n\u00e1ro\u010dn\u00e9 a pracn\u00e9. <\/p>\n<p>Sek\u00e1\u010dek je vybaven vysoce v\u00fdkonn\u00fdm sekac\u00edm no\u017eem, kter\u00fd se pohybuje nahoru a dol\u016f, co\u017e zaji\u0161\u0165uje rychl\u00e9 a p\u0159esn\u00e9 sek\u00e1n\u00ed. Tento proces nejen v\u00fdrazn\u011b usnad\u0148uje pr\u00e1ci pracovn\u00edk\u016f, ale tak\u00e9 zvy\u0161uje celkovou \u00fa\u010dinnost odstra\u0148ov\u00e1n\u00ed m\u011bdi ze stator\u016f elektromotor\u016f.<\/p>\n<\/div><div class=\"accordian fusion-accordian\" style=\"--awb-border-size:1px;--awb-icon-size:16px;--awb-content-font-size:16px;--awb-content-letter-spacing:0.015em;--awb-content-text-transform:none;--awb-content-line-height:1.85;--awb-icon-alignment:left;--awb-hover-color:#f9f9fb;--awb-border-color:#e2e2e2;--awb-background-color:#ffffff;--awb-divider-color:#e2e2e2;--awb-divider-hover-color:#e2e2e2;--awb-icon-color:#ffffff;--awb-title-color:var(--awb-color4);--awb-content-color:#4a4e57;--awb-icon-box-color:#212934;--awb-toggle-hover-accent-color:var(--awb-color5);--awb-title-font-family:&quot;Poppins&quot;;--awb-title-font-weight:400;--awb-title-font-style:normal;--awb-title-font-size:16px;--awb-title-letter-spacing:-0.015em;--awb-title-line-height:1.2;--awb-content-font-family:&quot;Poppins&quot;;--awb-content-font-style:normal;--awb-content-font-weight:400;\"><div class=\"panel-group fusion-toggle-icon-boxed\" id=\"accordion-6424-1\"><div class=\"fusion-panel panel-default panel-427acf1c9f6189759 fusion-toggle-no-divider\"><div class=\"panel-heading\"><h3 class=\"panel-title toggle\" id=\"toggle_427acf1c9f6189759\"><a aria-expanded=\"false\" aria-controls=\"427acf1c9f6189759\" role=\"button\" data-toggle=\"collapse\" data-parent=\"#accordion-6424-1\" data-target=\"#427acf1c9f6189759\" href=\"#427acf1c9f6189759\"><span class=\"fusion-toggle-icon-wrapper\" aria-hidden=\"true\"><i class=\"fa-fusion-box active-icon awb-icon-minus\" aria-hidden=\"true\"><\/i><i class=\"fa-fusion-box inactive-icon awb-icon-plus\" aria-hidden=\"true\"><\/i><\/span><span class=\"fusion-toggle-heading\">V\u00edce informac\u00ed<\/span><\/a><\/h3><\/div><div id=\"427acf1c9f6189759\" class=\"panel-collapse collapse \" aria-labelledby=\"toggle_427acf1c9f6189759\"><div class=\"panel-body toggle-content fusion-clearfix\">\n<p>\u0158ezac\u00ed n\u016f\u017e v p\u0159\u00edstroji je navr\u017een tak, aby zajistil \u010dist\u00fd a hladk\u00fd \u0159ez bez nutnosti dodate\u010dn\u00e9ho o\u0159ez\u00e1v\u00e1n\u00ed. Tento zp\u016fsob sek\u00e1n\u00ed eliminuje nutnost ru\u010dn\u00edho z\u00e1sahu, zvy\u0161uje efektivitu z\u00e1vodu a bezpe\u010dnost pracovn\u00edk\u016f a z\u00e1rove\u0148 zkracuje dobu pot\u0159ebnou ke zpracov\u00e1n\u00ed ka\u017ed\u00e9ho statoru. <\/p>\n<p>Technologie sek\u00e1n\u00ed zaji\u0161\u0165uje nejen rychlost a p\u0159esnost, ale je tak\u00e9 \u0161etrn\u00e1 k \u017eivotn\u00edmu prost\u0159ed\u00ed, proto\u017ee sni\u017euje mno\u017estv\u00ed odpadu a umo\u017e\u0148uje efektivn\u011bj\u0161\u00ed vyu\u017e\u00edv\u00e1n\u00ed zdroj\u016f. Stroj je ide\u00e1ln\u00ed pro spole\u010dnosti, kter\u00e9 hledaj\u00ed spolehliv\u00e9 a n\u00e1kladov\u011b efektivn\u00ed \u0159e\u0161en\u00ed pro zpracov\u00e1n\u00ed stator\u016f elektromotor\u016f. <\/p>\n<p>Investujte do drti\u010de a z\u00edskejte novou \u00farove\u0148 efektivity a produktivity recykla\u010dn\u00edho procesu. S t\u00edmto strojem m\u016f\u017eete rychle a efektivn\u011b zpracovat velk\u00e9 mno\u017estv\u00ed materi\u00e1lu, sn\u00ed\u017eit provozn\u00ed n\u00e1klady a zv\u00fd\u0161it ziskovost.<\/p>\n<\/div><\/div><\/div><\/div><\/div><div class=\"fusion-builder-row fusion-builder-row-inner fusion-row fusion-flex-align-items-flex-start fusion-flex-content-wrap\" style=\"width:104% !important;max-width:104% !important;margin-left: calc(-4% \/ 2 );margin-right: calc(-4% \/ 2 );\"><div class=\"fusion-layout-column fusion_builder_column_inner fusion-builder-nested-column-0 fusion_builder_column_inner_1_1 1_1 fusion-flex-column\" style=\"--awb-padding-top:20px;--awb-padding-right:20px;--awb-padding-bottom:20px;--awb-padding-left:20px;--awb-bg-color:var(--awb-color7);--awb-bg-color-hover:var(--awb-color7);--awb-bg-size:cover;--awb-width-large:100%;--awb-margin-top-large:20px;--awb-spacing-right-large:1.92%;--awb-margin-bottom-large:0px;--awb-spacing-left-large:1.92%;--awb-width-medium:100%;--awb-order-medium:0;--awb-spacing-right-medium:1.92%;--awb-spacing-left-medium:1.92%;--awb-width-small:100%;--awb-order-small:0;--awb-spacing-right-small:1.92%;--awb-spacing-left-small:1.92%;\"><div class=\"fusion-column-wrapper fusion-column-has-shadow fusion-flex-justify-content-space-between fusion-content-layout-row fusion-flex-align-items-center fusion-content-nowrap\"><div class=\"fusion-title title fusion-title-2 fusion-sep-none fusion-title-text fusion-title-size-three\" style=\"--awb-margin-top:20px;--awb-margin-right:0px;--awb-margin-bottom:20px;--awb-margin-left:0px;--awb-margin-top-small:0px;--awb-margin-right-small:0px;--awb-margin-left-small:0px;--awb-font-size:18px;\"><h3 class=\"fusion-title-heading title-heading-left fusion-responsive-typography-calculated\" style=\"font-family:&quot;Poppins&quot;;font-style:normal;font-weight:400;margin:0;letter-spacing:-0.015em;text-transform:none;font-size:1em;--fontSize:18;--minFontSize:18;line-height:1.2;\"><strong>M\u00e1te z\u00e1jem<\/strong> o recykla\u010dn\u00ed stroj?<\/h3><\/div><div ><a class=\"fusion-button button-flat fusion-button-default-size button-default fusion-button-default button-1 fusion-button-default-span fusion-button-default-type\" target=\"_self\" title=\"Volejte na \u010d\u00edslo +421 948 915 913 \" aria-label=\"Volejte na \u010d\u00edslo +421 948 915 913 \" href=\"tel:+421948915913\"><span class=\"fusion-button-text awb-button__text awb-button__text--default\">+421 948 915 913<\/span><\/a><\/div><\/div><\/div><\/div><\/div><\/div><\/div><\/div><div class=\"fusion-fullwidth fullwidth-box fusion-builder-row-2 fusion-flex-container has-pattern-background has-mask-background nonhundred-percent-fullwidth non-hundred-percent-height-scrolling\" style=\"--awb-border-radius-top-left:0px;--awb-border-radius-top-right:0px;--awb-border-radius-bottom-right:0px;--awb-border-radius-bottom-left:0px;--awb-flex-wrap:wrap;\" ><div class=\"fusion-builder-row fusion-row fusion-flex-align-items-flex-start fusion-flex-content-wrap\" style=\"max-width:1560px;margin-left: calc(-4% \/ 2 );margin-right: calc(-4% \/ 2 );\"><div class=\"fusion-layout-column fusion_builder_column fusion-builder-column-2 fusion_builder_column_1_1 1_1 fusion-flex-column\" style=\"--awb-bg-size:cover;--awb-width-large:100%;--awb-margin-top-large:0px;--awb-spacing-right-large:1.92%;--awb-margin-bottom-large:0px;--awb-spacing-left-large:1.92%;--awb-width-medium:100%;--awb-order-medium:0;--awb-spacing-right-medium:1.92%;--awb-spacing-left-medium:1.92%;--awb-width-small:100%;--awb-order-small:0;--awb-spacing-right-small:1.92%;--awb-spacing-left-small:1.92%;\"><div class=\"fusion-column-wrapper fusion-column-has-shadow fusion-flex-justify-content-flex-start fusion-content-layout-column\"><div class=\"fusion-text fusion-text-2\" style=\"--awb-content-alignment:center;\"><p><strong>Na\u0161e slu\u017eby poskytujeme v n\u00e1sleduj\u00edc\u00edch regionech:<\/strong><\/p>\n<p>B\u00e1novce nad Bebravou, Bansk\u00e1 Bystrica, Bansk\u00e1 \u0160tiavnica, Bardejov, Bratislava, Brezno, Byt\u010da, \u010cadca, Detva, Doln\u00fd Kub\u00edn, Dubnica nad V\u00e1hom, Dunajsk\u00e1 Streda, Galanta, Gelnica, Hlohovec, Humenn\u00e9, Ke\u017emarok, Kom\u00e1rno, Ko\u0161ice, Krupina, Kysuck\u00e9 Nov\u00e9 Mesto, Levice, Levo\u010da, Liptovsk\u00fd Mikul\u00e1\u0161, Lu\u010denec, Malacky, Martin, Medzilaborce, Michalovce, Myjava, N\u00e1mestovo, Nitra, Nov\u00e9 Mesto nad V\u00e1hom, Nov\u00e9 Mesto nad V\u00e1hom, Nov\u00e9 Z\u00e1mky, Partiz\u00e1nske, Pezinok, Pie\u0161\u0165any, Pova\u017esk\u00e1 Bystrica, Pre\u0161ov, Prievidza, Rev\u00faca, Rimavsk\u00e1 Sobota, Ro\u017e\u0148ava, Ru\u017eomberok, Sabinov, Senec, Senica, Skalica, Snina, Spi\u0161sk\u00e1 Nov\u00e1 Ves, Spi\u0161sk\u00e1 Star\u00e1 Ves, Star\u00e1 \u013dubov\u0148a, Stropkov, Svidn\u00edk, Topo\u013e\u010dany, Trebi\u0161ov, Tren\u010d\u00edn, Trnava, Tur\u010dianske Teplice, Tvrdo\u0161\u00edn, Vranov nad Top\u013eou, \u017darnovica, \u017diar nad Hronom, \u017dilina, Zlat\u00e9 Moravce, Zvolen.<\/p>\n<\/div><\/div><\/div><\/div><\/div><\/p>\n","protected":false},"excerpt":{"rendered":"","protected":false},"author":1,"featured_media":0,"parent":0,"menu_order":0,"comment_status":"closed","ping_status":"closed","template":"","meta":{"footnotes":""},"class_list":["post-6424","page","type-page","status-publish","hentry"],"yoast_head":"<!-- This site is optimized with the Yoast SEO Premium plugin v27.1 (Yoast SEO v27.1.1) - https:\/\/yoast.com\/product\/yoast-seo-premium-wordpress\/ -->\n<title>\u0160t\u00edpac\u00ed stroj na extrakci m\u011bdi ze stator\u016f elektromotor\u016f - Hydralyza<\/title>\n<meta name=\"robots\" content=\"index, follow, max-snippet:-1, max-image-preview:large, max-video-preview:-1\" \/>\n<link rel=\"canonical\" href=\"https:\/\/hydralyza.com\/cs\/stipaci-stroj-na-extrakci-medi-ze-statoru-elektromotoru\/\" \/>\n<meta property=\"og:locale\" content=\"cs_CZ\" \/>\n<meta property=\"og:type\" content=\"article\" \/>\n<meta property=\"og:title\" content=\"\u0160t\u00edpac\u00ed stroj na extrakci m\u011bdi ze stator\u016f elektromotor\u016f\" \/>\n<meta property=\"og:url\" content=\"https:\/\/hydralyza.com\/cs\/stipaci-stroj-na-extrakci-medi-ze-statoru-elektromotoru\/\" \/>\n<meta property=\"og:site_name\" content=\"Hydralyza\" \/>\n<meta property=\"article:publisher\" content=\"https:\/\/www.facebook.com\/hydralyza\" \/>\n<meta property=\"article:modified_time\" content=\"2025-05-26T08:23:31+00:00\" \/>\n<meta name=\"twitter:card\" content=\"summary_large_image\" \/>\n<meta name=\"twitter:label1\" content=\"Odhadovan\u00e1 doba \u010dten\u00ed\" \/>\n\t<meta name=\"twitter:data1\" content=\"12 minut\" \/>\n<script type=\"application\/ld+json\" class=\"yoast-schema-graph\">{\"@context\":\"https:\/\/schema.org\",\"@graph\":[{\"@type\":\"WebPage\",\"@id\":\"https:\/\/hydralyza.com\/cs\/stipaci-stroj-na-extrakci-medi-ze-statoru-elektromotoru\/\",\"url\":\"https:\/\/hydralyza.com\/cs\/stipaci-stroj-na-extrakci-medi-ze-statoru-elektromotoru\/\",\"name\":\"\u0160t\u00edpac\u00ed stroj na extrakci m\u011bdi ze stator\u016f elektromotor\u016f - Hydralyza\",\"isPartOf\":{\"@id\":\"https:\/\/hydralyza.com\/cs\/#website\"},\"datePublished\":\"2024-12-15T21:21:10+00:00\",\"dateModified\":\"2025-05-26T08:23:31+00:00\",\"breadcrumb\":{\"@id\":\"https:\/\/hydralyza.com\/cs\/stipaci-stroj-na-extrakci-medi-ze-statoru-elektromotoru\/#breadcrumb\"},\"inLanguage\":\"cs\",\"potentialAction\":[{\"@type\":\"ReadAction\",\"target\":[\"https:\/\/hydralyza.com\/cs\/stipaci-stroj-na-extrakci-medi-ze-statoru-elektromotoru\/\"]}]},{\"@type\":\"BreadcrumbList\",\"@id\":\"https:\/\/hydralyza.com\/cs\/stipaci-stroj-na-extrakci-medi-ze-statoru-elektromotoru\/#breadcrumb\",\"itemListElement\":[{\"@type\":\"ListItem\",\"position\":1,\"name\":\"Domovsk\u00e1 str\u00e1nka\",\"item\":\"https:\/\/hydralyza.com\/cs\/home\/\"},{\"@type\":\"ListItem\",\"position\":2,\"name\":\"\u0160t\u00edpac\u00ed stroj na extrakci m\u011bdi ze stator\u016f elektromotor\u016f\"}]},{\"@type\":\"WebSite\",\"@id\":\"https:\/\/hydralyza.com\/cs\/#website\",\"url\":\"https:\/\/hydralyza.com\/cs\/\",\"name\":\"Hydralyza\",\"description\":\"Oprava a servis hydraulick\u00fdch valcov a predaj lop\u00e1t pre vysokozdvi\u017en\u00e9 voz\u00edky\",\"publisher\":{\"@id\":\"https:\/\/hydralyza.com\/cs\/#organization\"},\"potentialAction\":[{\"@type\":\"SearchAction\",\"target\":{\"@type\":\"EntryPoint\",\"urlTemplate\":\"https:\/\/hydralyza.com\/cs\/?s={search_term_string}\"},\"query-input\":{\"@type\":\"PropertyValueSpecification\",\"valueRequired\":true,\"valueName\":\"search_term_string\"}}],\"inLanguage\":\"cs\"},{\"@type\":\"Organization\",\"@id\":\"https:\/\/hydralyza.com\/cs\/#organization\",\"name\":\"Hydralyza\",\"url\":\"https:\/\/hydralyza.com\/cs\/\",\"logo\":{\"@type\":\"ImageObject\",\"inLanguage\":\"cs\",\"@id\":\"https:\/\/hydralyza.com\/cs\/#\/schema\/logo\/image\/\",\"url\":\"https:\/\/hydralyza.com\/wp-content\/uploads\/2023\/11\/logo-hydralyza-sro.svg\",\"contentUrl\":\"https:\/\/hydralyza.com\/wp-content\/uploads\/2023\/11\/logo-hydralyza-sro.svg\",\"width\":619,\"height\":75,\"caption\":\"Hydralyza\"},\"image\":{\"@id\":\"https:\/\/hydralyza.com\/cs\/#\/schema\/logo\/image\/\"},\"sameAs\":[\"https:\/\/www.facebook.com\/hydralyza\",\"https:\/\/www.instagram.com\/hydralyza\/\"],\"description\":\"Dod\u00e1vame hydraulick\u00e9 ly\u017eice a lopaty pre vysokozdvi\u017en\u00e9 voz\u00edky na mieru. Pon\u00fakame oprava, servis a predaj hydraulick\u00fdch valcov.\",\"email\":\"info@hydralyza.com\",\"telephone\":\"+421 948 915 913\",\"legalName\":\"BauService Europe, s. r. o.\",\"vatID\":\"SK2121019802\",\"taxID\":\"2121019802\",\"numberOfEmployees\":{\"@type\":\"QuantitativeValue\",\"minValue\":\"1\",\"maxValue\":\"10\"}}]}<\/script>\n<!-- \/ Yoast SEO Premium plugin. -->","yoast_head_json":{"title":"\u0160t\u00edpac\u00ed stroj na extrakci m\u011bdi ze stator\u016f elektromotor\u016f - Hydralyza","robots":{"index":"index","follow":"follow","max-snippet":"max-snippet:-1","max-image-preview":"max-image-preview:large","max-video-preview":"max-video-preview:-1"},"canonical":"https:\/\/hydralyza.com\/cs\/stipaci-stroj-na-extrakci-medi-ze-statoru-elektromotoru\/","og_locale":"cs_CZ","og_type":"article","og_title":"\u0160t\u00edpac\u00ed stroj na extrakci m\u011bdi ze stator\u016f elektromotor\u016f","og_url":"https:\/\/hydralyza.com\/cs\/stipaci-stroj-na-extrakci-medi-ze-statoru-elektromotoru\/","og_site_name":"Hydralyza","article_publisher":"https:\/\/www.facebook.com\/hydralyza","article_modified_time":"2025-05-26T08:23:31+00:00","twitter_card":"summary_large_image","twitter_misc":{"Odhadovan\u00e1 doba \u010dten\u00ed":"12 minut"},"schema":{"@context":"https:\/\/schema.org","@graph":[{"@type":"WebPage","@id":"https:\/\/hydralyza.com\/cs\/stipaci-stroj-na-extrakci-medi-ze-statoru-elektromotoru\/","url":"https:\/\/hydralyza.com\/cs\/stipaci-stroj-na-extrakci-medi-ze-statoru-elektromotoru\/","name":"\u0160t\u00edpac\u00ed stroj na extrakci m\u011bdi ze stator\u016f elektromotor\u016f - Hydralyza","isPartOf":{"@id":"https:\/\/hydralyza.com\/cs\/#website"},"datePublished":"2024-12-15T21:21:10+00:00","dateModified":"2025-05-26T08:23:31+00:00","breadcrumb":{"@id":"https:\/\/hydralyza.com\/cs\/stipaci-stroj-na-extrakci-medi-ze-statoru-elektromotoru\/#breadcrumb"},"inLanguage":"cs","potentialAction":[{"@type":"ReadAction","target":["https:\/\/hydralyza.com\/cs\/stipaci-stroj-na-extrakci-medi-ze-statoru-elektromotoru\/"]}]},{"@type":"BreadcrumbList","@id":"https:\/\/hydralyza.com\/cs\/stipaci-stroj-na-extrakci-medi-ze-statoru-elektromotoru\/#breadcrumb","itemListElement":[{"@type":"ListItem","position":1,"name":"Domovsk\u00e1 str\u00e1nka","item":"https:\/\/hydralyza.com\/cs\/home\/"},{"@type":"ListItem","position":2,"name":"\u0160t\u00edpac\u00ed stroj na extrakci m\u011bdi ze stator\u016f elektromotor\u016f"}]},{"@type":"WebSite","@id":"https:\/\/hydralyza.com\/cs\/#website","url":"https:\/\/hydralyza.com\/cs\/","name":"Hydralyza","description":"Oprava a servis hydraulick\u00fdch valcov a predaj lop\u00e1t pre vysokozdvi\u017en\u00e9 voz\u00edky","publisher":{"@id":"https:\/\/hydralyza.com\/cs\/#organization"},"potentialAction":[{"@type":"SearchAction","target":{"@type":"EntryPoint","urlTemplate":"https:\/\/hydralyza.com\/cs\/?s={search_term_string}"},"query-input":{"@type":"PropertyValueSpecification","valueRequired":true,"valueName":"search_term_string"}}],"inLanguage":"cs"},{"@type":"Organization","@id":"https:\/\/hydralyza.com\/cs\/#organization","name":"Hydralyza","url":"https:\/\/hydralyza.com\/cs\/","logo":{"@type":"ImageObject","inLanguage":"cs","@id":"https:\/\/hydralyza.com\/cs\/#\/schema\/logo\/image\/","url":"https:\/\/hydralyza.com\/wp-content\/uploads\/2023\/11\/logo-hydralyza-sro.svg","contentUrl":"https:\/\/hydralyza.com\/wp-content\/uploads\/2023\/11\/logo-hydralyza-sro.svg","width":619,"height":75,"caption":"Hydralyza"},"image":{"@id":"https:\/\/hydralyza.com\/cs\/#\/schema\/logo\/image\/"},"sameAs":["https:\/\/www.facebook.com\/hydralyza","https:\/\/www.instagram.com\/hydralyza\/"],"description":"Dod\u00e1vame hydraulick\u00e9 ly\u017eice a lopaty pre vysokozdvi\u017en\u00e9 voz\u00edky na mieru. Pon\u00fakame oprava, servis a predaj hydraulick\u00fdch valcov.","email":"info@hydralyza.com","telephone":"+421 948 915 913","legalName":"BauService Europe, s. r. o.","vatID":"SK2121019802","taxID":"2121019802","numberOfEmployees":{"@type":"QuantitativeValue","minValue":"1","maxValue":"10"}}]}},"_links":{"self":[{"href":"https:\/\/hydralyza.com\/cs\/wp-json\/wp\/v2\/pages\/6424","targetHints":{"allow":["GET"]}}],"collection":[{"href":"https:\/\/hydralyza.com\/cs\/wp-json\/wp\/v2\/pages"}],"about":[{"href":"https:\/\/hydralyza.com\/cs\/wp-json\/wp\/v2\/types\/page"}],"author":[{"embeddable":true,"href":"https:\/\/hydralyza.com\/cs\/wp-json\/wp\/v2\/users\/1"}],"replies":[{"embeddable":true,"href":"https:\/\/hydralyza.com\/cs\/wp-json\/wp\/v2\/comments?post=6424"}],"version-history":[{"count":2,"href":"https:\/\/hydralyza.com\/cs\/wp-json\/wp\/v2\/pages\/6424\/revisions"}],"predecessor-version":[{"id":6426,"href":"https:\/\/hydralyza.com\/cs\/wp-json\/wp\/v2\/pages\/6424\/revisions\/6426"}],"wp:attachment":[{"href":"https:\/\/hydralyza.com\/cs\/wp-json\/wp\/v2\/media?parent=6424"}],"curies":[{"name":"wp","href":"https:\/\/api.w.org\/{rel}","templated":true}]}}